{"id":118,"date":"2016-12-28T08:57:57","date_gmt":"2016-12-28T08:57:57","guid":{"rendered":"http:\/\/wtb-berlin.de\/?page_id=118"},"modified":"2016-12-28T14:41:17","modified_gmt":"2016-12-28T14:41:17","slug":"leistungen-2","status":"publish","type":"page","link":"https:\/\/wtb-berlin.de\/?page_id=118","title":{"rendered":"Leistungen"},"content":{"rendered":"<h3 id=\"bauantraege\">Bauantr\u00e4ge<\/h3>\n<p>Werbeanlagen im Au\u00dfebereich und im Innenbereich ab einer Ansichtsfl\u00e4che von einem Quadratmeter sind genehmigungspflichtig. Wir kennen uns bestens mit den Formalit\u00e4ten und Anforderungen der jeweiligen Beh\u00f6rden aus und erstellen alle n\u00f6tigen Dokumente f\u00fcr Sie. Au\u00dferdem k\u00fcmmern wir uns wenn n\u00f6tig auch um Dokumente f\u00fcr die Bauaufsicht, Stadtplanung oder beantragen Stra\u00dfensperren.<\/p>\n<h3 id=\"beratung_und_planung\">Beratung und Planung<\/h3>\n<p>Viele Kunden wissen noch nicht genau, wie das fertige Produkt aussehen soll. Wir beraten Sie gern und stellen Ihnen verschiedene Designs und technische Umsetzungsm\u00f6glichkeiten vor. Dabei ber\u00fccksichtigen wir die individuellen Gegebenheiten und halten uns an Richtlinien und Vorschriften.<\/p>\n<h3 id=\"herstellung\">Fertigung<\/h3>\n<p>Die Fertigung erfolgt gr\u00f6\u00dftenteils in unserer eigenen Werkstadt. Wir verwenden hochwertige Materialien, um sch\u00f6ne und gleichzeitig rubuste Anlagen herzustellen. Dazu arbeiten wir auch mit Experten aus verschiedenen Branchen zusammen. Der wichtigste Faktor ist jedoch unsere langj\u00e4hrige Erfahrung bei der Herstellung der von uns angebotenen Produkte.<\/p>\n<h3 id=\"montagen\">Montagen<\/h3>\n<p>Die gefertigten Produkte werden von uns selbstverst\u00e4ndlich auch montiert, sodass sie gleich genutzt werden k\u00f6nnen. Wir beachten dabei die individuellen Gegebenheiten und halten uns an bestehende Vorschriften.<\/p>\n<h3 id=\"led_umruestung\">LED Umr\u00fcstung<\/h3>\n<p>Moderne Werbeanlagen werden mit LED&#8217;s betrieben. Das erm\u00f6glicht nicht nur eine gr\u00f6\u00dfere Leuchtkraft, sondern rechnet sich auch durch sehr geringen Stromverbrauch, niedrige Wartungskosten und eine l\u00e4ngere Haltbarkeit. Aufgrund dieser Vorteile ist es auch empfehlenswert, bestehende Anlagen umzur\u00fcsten. Die Umr\u00fcstung kann meistens dauert vor Ort erfolgen und dauert nur wenige Stunden. Aufgrund der Kostenvorteile rechnet sich die Umstellung bereits nach kurzer Zeit!<\/p>\n<h3>Reparatur und Wartung<\/h3>\n<p>Ist eine Ihrer bestehenden Werbeanlagen defekt oder verschmutzt, hinterlassen Sie einen schlechten Eindruck bei Ihren Kunden. Daher sollten Sie nicht lange z\u00f6gern und die Reparatur\u00a0 oder Reinigung von uns durchf\u00fchren lassen.<\/p>\n","protected":false},"excerpt":{"rendered":"<p>Bauantr\u00e4ge Werbeanlagen im Au\u00dfebereich und im Innenbereich ab einer Ansichtsfl\u00e4che von einem Quadratmeter sind genehmigungspflichtig. Wir kennen uns bestens mit den Formalit\u00e4ten und Anforderungen der jeweiligen Beh\u00f6rden aus und erstellen alle n\u00f6tigen Dokumente f\u00fcr Sie. Au\u00dferdem k\u00fcmmern wir uns wenn<\/p>\n","protected":false},"author":1,"featured_media":0,"parent":0,"menu_order":0,"comment_status":"closed","ping_status":"closed","template":"","meta":{"footnotes":""},"class_list":["post-118","page","type-page","status-publish","hentry"],"_links":{"self":[{"href":"https:\/\/wtb-berlin.de\/index.php?rest_route=\/wp\/v2\/pages\/118","targetHints":{"allow":["GET"]}}],"collection":[{"href":"https:\/\/wtb-berlin.de\/index.php?rest_route=\/wp\/v2\/pages"}],"about":[{"href":"https:\/\/wtb-berlin.de\/index.php?rest_route=\/wp\/v2\/types\/page"}],"author":[{"embeddable":true,"href":"https:\/\/wtb-berlin.de\/index.php?rest_route=\/wp\/v2\/users\/1"}],"replies":[{"embeddable":true,"href":"https:\/\/wtb-berlin.de\/index.php?rest_route=%2Fwp%2Fv2%2Fcomments&post=118"}],"version-history":[{"count":10,"href":"https:\/\/wtb-berlin.de\/index.php?rest_route=\/wp\/v2\/pages\/118\/revisions"}],"predecessor-version":[{"id":186,"href":"https:\/\/wtb-berlin.de\/index.php?rest_route=\/wp\/v2\/pages\/118\/revisions\/186"}],"wp:attachment":[{"href":"https:\/\/wtb-berlin.de\/index.php?rest_route=%2Fwp%2Fv2%2Fmedia&parent=118"}],"curies":[{"name":"wp","href":"https:\/\/api.w.org\/{rel}","templated":true}]}}